{"id":1030,"date":"2020-04-29T09:17:12","date_gmt":"2020-04-29T07:17:12","guid":{"rendered":"http:\/\/prev-ir.fr\/?page_id=1030"},"modified":"2024-12-27T12:49:20","modified_gmt":"2024-12-27T11:49:20","slug":"chasse-sur-rhone","status":"publish","type":"page","link":"https:\/\/prev-ir.fr\/?page_id=1030","title":{"rendered":"Chasse sur Rh\u00f4ne"},"content":{"rendered":"\n<div class=\"wp-block-columns is-layout-flex wp-container-core-columns-is-layout-9d6595d7 wp-block-columns-is-layout-flex\">\n<div class=\"wp-block-column is-layout-flow wp-block-column-is-layout-flow\" style=\"flex-basis:66.66%\"><\/div>\n\n\n\n<div class=\"wp-block-column is-layout-flow wp-block-column-is-layout-flow\" style=\"flex-basis:33.33%\"><\/div>\n<\/div>\n\n\n\n<div class=\"wp-block-columns is-layout-flex wp-container-core-columns-is-layout-9d6595d7 wp-block-columns-is-layout-flex\">\n<div class=\"wp-block-column is-layout-flow wp-block-column-is-layout-flow\">\n<p><strong><span style=\"color: #cc6633;\"><span style=\"color: #ce691f; font-size: 12pt; font-family: 'arial black', sans-serif;\">CHEFFE DE SERVICE :<\/span><br><\/span><\/strong>Fabienne DUMOULIN<br>06 19 68 24 73<br>fdumoulin@prev-ir.fr<\/p>\n\n\n\n<p><span style=\"font-size: 12pt; color: #ce691f; font-family: 'arial black', sans-serif;\"><strong>\u00c9DUCATEURS :<\/strong><\/span><br>Anne BOUVEL&nbsp;<br>REC<\/p>\n<p><span style=\"font-size: 12pt; color: #ce691f; font-family: 'arial black', sans-serif;\"><strong>PERMANENCES<\/strong> :<\/span><br>B\u00e2timent les Ormes &#8211; 2 all\u00e9e Est<\/p>\n<p>Les barbi\u00e8res 38670 Chasse sur Rh\u00f4ne<br><a href=\"mailto:chasse@prev-ir.fr\"><strong>chasse@prev-ir.fr<\/strong><\/a><\/p>\n<p><strong>06 23 47 57 64<\/strong><\/p>\n\n\n<\/div>\n\n\n\n<div class=\"wp-block-column is-layout-flow wp-block-column-is-layout-flow\">\n<p class=\"has-text-align-center has-background\" style=\"background-color:#fecc9d\"><span style=\"text-decoration: underline;\"><strong>Quartier :<\/strong><\/span><br>Barbi\u00e8res<\/p>\n\n\n\n<p class=\"has-text-align-center has-background\" style=\"background-color: #fecc9d;\"><strong>Autres lieux d&rsquo;intervention :<\/strong><br>Coll\u00e8ge Grange \/ Chasse sur Rh\u00f4ne Centre \/Ch\u00e2teau\/ Gare<\/p>\n\n\n\n<p class=\"has-text-align-center has-text-color has-background\" style=\"background-color: #ce691f; color: #ffffff; text-align: center;\"><span style=\"font-size: 12pt;\">Permanences les :&nbsp;<\/span><br><span style=\"font-size: 14pt;\"><strong><span style=\"font-size: 12pt;\">&nbsp; &nbsp; &nbsp; &nbsp; &nbsp; &nbsp; &nbsp; &nbsp; &nbsp; &nbsp;Mercredis de 14h \u00e0 16h&nbsp; &nbsp; &nbsp; &nbsp; &nbsp; &nbsp; &nbsp; &nbsp; &nbsp; &nbsp; &nbsp; <\/span><\/strong><\/span><span style=\"font-size: 14pt;\"><strong><span style=\"font-size: 12pt;\">Vendredis de 14h \u00e0 16h<\/span><br><\/strong><\/span><\/p>\n\n\n\n<div class=\"wp-block-columns is-layout-flex wp-container-core-columns-is-layout-9d6595d7 wp-block-columns-is-layout-flex\">\n<div class=\"wp-block-column is-vertically-aligned-top is-layout-flow wp-block-column-is-layout-flow\" style=\"flex-basis:65.4%\"><\/div>\n\n\n\n<div class=\"wp-block-column is-vertically-aligned-top is-layout-flow wp-block-column-is-layout-flow\"><\/div>\n<\/div>\n<\/div>\n<\/div>\n\n\n\n\n","protected":false},"excerpt":{"rendered":"<p>CHEFFE DE SERVICE :Fabienne DUMOULIN06 19 68 24 73fdumoulin@prev-ir.fr \u00c9DUCATEURS :Anne BOUVEL&nbsp;REC PERMANENCES :B\u00e2timent les Ormes &#8211; 2 all\u00e9e Est Les barbi\u00e8res 38670 Chasse sur Rh\u00f4nechasse@prev-ir.fr 06 23 47 57 64 Quartier :Barbi\u00e8res Autres lieux d&rsquo;intervention :Coll\u00e8ge Grange \/ Chasse&hellip;&nbsp;<a href=\"https:\/\/prev-ir.fr\/?page_id=1030\" class=\"more-link\">Lire la suite<\/a><\/p>\n","protected":false},"author":2,"featured_media":0,"parent":0,"menu_order":7,"comment_status":"closed","ping_status":"closed","template":"","meta":{"ngg_post_thumbnail":0,"footnotes":""},"class_list":["post-1030","page","type-page","status-publish","hentry"],"jetpack_shortlink":"https:\/\/wp.me\/P5BzG1-gC","jetpack_sharing_enabled":true,"_links":{"self":[{"href":"https:\/\/prev-ir.fr\/index.php?rest_route=\/wp\/v2\/pages\/1030","targetHints":{"allow":["GET"]}}],"collection":[{"href":"https:\/\/prev-ir.fr\/index.php?rest_route=\/wp\/v2\/pages"}],"about":[{"href":"https:\/\/prev-ir.fr\/index.php?rest_route=\/wp\/v2\/types\/page"}],"author":[{"embeddable":true,"href":"https:\/\/prev-ir.fr\/index.php?rest_route=\/wp\/v2\/users\/2"}],"replies":[{"embeddable":true,"href":"https:\/\/prev-ir.fr\/index.php?rest_route=%2Fwp%2Fv2%2Fcomments&post=1030"}],"version-history":[{"count":56,"href":"https:\/\/prev-ir.fr\/index.php?rest_route=\/wp\/v2\/pages\/1030\/revisions"}],"predecessor-version":[{"id":2454,"href":"https:\/\/prev-ir.fr\/index.php?rest_route=\/wp\/v2\/pages\/1030\/revisions\/2454"}],"wp:attachment":[{"href":"https:\/\/prev-ir.fr\/index.php?rest_route=%2Fwp%2Fv2%2Fmedia&parent=1030"}],"curies":[{"name":"wp","href":"https:\/\/api.w.org\/{rel}","templated":true}]}}