{"id":1616,"date":"2020-05-29T15:18:49","date_gmt":"2020-05-29T13:18:49","guid":{"rendered":"https:\/\/prev-ir.fr\/?page_id=1616"},"modified":"2023-07-24T15:20:48","modified_gmt":"2023-07-24T13:20:48","slug":"les-chantiers-dequipe","status":"publish","type":"page","link":"https:\/\/prev-ir.fr\/?page_id=1616","title":{"rendered":"Chantiers d&rsquo;\u00e9quipe"},"content":{"rendered":"\n<p style=\"text-align: center;\"><b>\u00ab <\/b><b><i>Utiliser le travail comme support \u00e0 la relation \u00e9ducative<\/i><\/b>.&nbsp;\u00bb<\/p>\n<ul>\n<li>Dans le travail d\u2019accompagnement des \u00e9quipes \u00e9ducatives, ces chantiers permettent de proposer un espace de m\u00e9diation, qui, \u00e0 partir d\u2019un faire ensemble, permet d\u2019affiner la connaissance du jeune et de sa probl\u00e9matique, tout en entendant le besoin financier.<\/li>\n<\/ul>\n<p style=\"text-align: center;\"><b>Ces chantiers d\u2019\u00e9quipe sont d\u00e9velopp\u00e9s \u00e0 PR\u00c9VenIR au travers de chantier qui demande pas ou peu de technique (petits travaux de peinture, r\u00e9colte des encombrants, petits d\u00e9m\u00e9nagements\u2026 ou 2 actions sp\u00e9cifiques :<\/b><\/p>\n<ul>\n<li>&#8211; La solidarit\u00e9, avec les \u00ab activit\u00e9s d\u2019Int\u00e9r\u00eat collectif et solidaires&nbsp;\u00bb,<\/li>\n<li>&#8211; L\u2019activit\u00e9 \u00ab&nbsp;buffet&nbsp;\u00bb, avec les \u00ab&nbsp;D\u00e9lices de PR\u00c9VenIR&nbsp;\u00bb.<\/li>\n<\/ul>\n","protected":false},"excerpt":{"rendered":"<p>\u00ab Utiliser le travail comme support \u00e0 la relation \u00e9ducative.&nbsp;\u00bb Dans le travail d\u2019accompagnement des \u00e9quipes \u00e9ducatives, ces chantiers permettent de proposer un espace de m\u00e9diation, qui, \u00e0 partir d\u2019un faire ensemble, permet d\u2019affiner la connaissance du jeune et de&hellip;&nbsp;<a href=\"https:\/\/prev-ir.fr\/?page_id=1616\" class=\"more-link\">Lire la suite<\/a><\/p>\n","protected":false},"author":2,"featured_media":0,"parent":0,"menu_order":3,"comment_status":"closed","ping_status":"closed","template":"","meta":{"ngg_post_thumbnail":0,"footnotes":""},"class_list":["post-1616","page","type-page","status-publish","hentry"],"jetpack_shortlink":"https:\/\/wp.me\/P5BzG1-q4","jetpack_sharing_enabled":true,"_links":{"self":[{"href":"https:\/\/prev-ir.fr\/index.php?rest_route=\/wp\/v2\/pages\/1616","targetHints":{"allow":["GET"]}}],"collection":[{"href":"https:\/\/prev-ir.fr\/index.php?rest_route=\/wp\/v2\/pages"}],"about":[{"href":"https:\/\/prev-ir.fr\/index.php?rest_route=\/wp\/v2\/types\/page"}],"author":[{"embeddable":true,"href":"https:\/\/prev-ir.fr\/index.php?rest_route=\/wp\/v2\/users\/2"}],"replies":[{"embeddable":true,"href":"https:\/\/prev-ir.fr\/index.php?rest_route=%2Fwp%2Fv2%2Fcomments&post=1616"}],"version-history":[{"count":3,"href":"https:\/\/prev-ir.fr\/index.php?rest_route=\/wp\/v2\/pages\/1616\/revisions"}],"predecessor-version":[{"id":2135,"href":"https:\/\/prev-ir.fr\/index.php?rest_route=\/wp\/v2\/pages\/1616\/revisions\/2135"}],"wp:attachment":[{"href":"https:\/\/prev-ir.fr\/index.php?rest_route=%2Fwp%2Fv2%2Fmedia&parent=1616"}],"curies":[{"name":"wp","href":"https:\/\/api.w.org\/{rel}","templated":true}]}}