{"id":1619,"date":"2020-05-29T15:23:59","date_gmt":"2020-05-29T13:23:59","guid":{"rendered":"https:\/\/prev-ir.fr\/?page_id=1619"},"modified":"2023-07-24T15:22:23","modified_gmt":"2023-07-24T13:22:23","slug":"les-chantiers-dete","status":"publish","type":"page","link":"https:\/\/prev-ir.fr\/?page_id=1619","title":{"rendered":"Chantiers d&rsquo;\u00e9t\u00e9"},"content":{"rendered":"\n<p style=\"text-align: center;\"><b><i>\u00ab Participer aux dynamiques territoriales \u00bb<\/i><\/b><\/p>\n<ul>\n<li style=\"text-align: justify;\">A l\u2019initiative des bailleurs sociaux ou des communes, ces chantiers d\u2019\u00e9t\u00e9 r\u00e9pondent aux besoins des jeunes de pouvoir avoir une premi\u00e8re exp\u00e9rience professionnelle et de r\u00e9pondre \u00e0 leur besoin financier.<\/li>\n<li style=\"text-align: justify;\">L\u2019organisation et la mise en \u0153uvre de ces chantiers sont assur\u00e9es par le service de chantiers \u00e9ducatifs.<\/li>\n<\/ul>\n","protected":false},"excerpt":{"rendered":"<p>\u00ab Participer aux dynamiques territoriales \u00bb A l\u2019initiative des bailleurs sociaux ou des communes, ces chantiers d\u2019\u00e9t\u00e9 r\u00e9pondent aux besoins des jeunes de pouvoir avoir une premi\u00e8re exp\u00e9rience professionnelle et de r\u00e9pondre \u00e0 leur besoin financier. L\u2019organisation et la mise&hellip;&nbsp;<a href=\"https:\/\/prev-ir.fr\/?page_id=1619\" class=\"more-link\">Lire la suite<\/a><\/p>\n","protected":false},"author":2,"featured_media":0,"parent":0,"menu_order":2,"comment_status":"closed","ping_status":"closed","template":"","meta":{"ngg_post_thumbnail":0,"footnotes":""},"class_list":["post-1619","page","type-page","status-publish","hentry"],"jetpack_shortlink":"https:\/\/wp.me\/P5BzG1-q7","jetpack_sharing_enabled":true,"_links":{"self":[{"href":"https:\/\/prev-ir.fr\/index.php?rest_route=\/wp\/v2\/pages\/1619","targetHints":{"allow":["GET"]}}],"collection":[{"href":"https:\/\/prev-ir.fr\/index.php?rest_route=\/wp\/v2\/pages"}],"about":[{"href":"https:\/\/prev-ir.fr\/index.php?rest_route=\/wp\/v2\/types\/page"}],"author":[{"embeddable":true,"href":"https:\/\/prev-ir.fr\/index.php?rest_route=\/wp\/v2\/users\/2"}],"replies":[{"embeddable":true,"href":"https:\/\/prev-ir.fr\/index.php?rest_route=%2Fwp%2Fv2%2Fcomments&post=1619"}],"version-history":[{"count":3,"href":"https:\/\/prev-ir.fr\/index.php?rest_route=\/wp\/v2\/pages\/1619\/revisions"}],"predecessor-version":[{"id":2136,"href":"https:\/\/prev-ir.fr\/index.php?rest_route=\/wp\/v2\/pages\/1619\/revisions\/2136"}],"wp:attachment":[{"href":"https:\/\/prev-ir.fr\/index.php?rest_route=%2Fwp%2Fv2%2Fmedia&parent=1619"}],"curies":[{"name":"wp","href":"https:\/\/api.w.org\/{rel}","templated":true}]}}