{"id":2151,"date":"2023-07-25T10:20:22","date_gmt":"2023-07-25T08:20:22","guid":{"rendered":"https:\/\/prev-ir.fr\/?page_id=2151"},"modified":"2025-04-15T11:24:03","modified_gmt":"2025-04-15T09:24:03","slug":"vienne-sud-2","status":"publish","type":"page","link":"https:\/\/prev-ir.fr\/?page_id=2151","title":{"rendered":"Dispositif de Pr\u00e9vention par l&rsquo;Autonomie en Logement"},"content":{"rendered":"\n<div class=\"wp-block-columns is-layout-flex wp-container-core-columns-is-layout-9d6595d7 wp-block-columns-is-layout-flex\">\n<div class=\"wp-block-column is-layout-flow wp-block-column-is-layout-flow\">\n<p><strong><span style=\"font-size: 12pt; color: #a2be34; font-family: 'arial black', sans-serif;\">CHEFFE DE SERVICE :<\/span><br><span style=\"color: #808080;\">Marie-Anne GAUD<\/span><\/strong><br><span style=\"color: #808080;\">06 16 96 45 28<\/span><br><span style=\"color: #808080;\">magaud@prev-ir.fr<\/span><\/p>\n\n\n\n<p><strong><span style=\"font-family: 'arial black', sans-serif; color: #a2be34;\">TISF :<\/span><br><\/strong>Elodie KHECHABA<br><\/p>\n\n\n\n<p><span style=\"color: #a2be34; font-family: 'arial black', sans-serif;\"><strong>Lieu de rattachement :<\/strong><\/span><br>Si\u00e8ge de l&rsquo;association<\/p>\n<p>200 impasse Laverloch\u00e8re 38780 Pont-Ev\u00eaque<br><a href=\"mailto:vsud@prev-ir.fr\"><strong>dpal@prev-ir.fr <\/strong><\/a><strong><br>06 12 82 65 52&nbsp;<\/strong><\/p>\n<\/div>\n\n\n\n<div class=\"wp-block-column is-layout-flow wp-block-column-is-layout-flow\">\n<div class=\"wp-block-group\"><div class=\"wp-block-group__inner-container is-layout-constrained wp-block-group-is-layout-constrained\">\n<p class=\"has-background has-text-align-center\" style=\"background-color:#d9ec91\"><strong>Accompagnement propos\u00e9 sur Vienne et P\u00e9age de Roussillon<\/strong><\/p>\n<\/div><\/div>\n<\/div>\n<\/div>\n\n\n\n<div class=\"wp-block-columns is-layout-flex wp-container-core-columns-is-layout-9d6595d7 wp-block-columns-is-layout-flex\">\n<div class=\"wp-block-column is-layout-flow wp-block-column-is-layout-flow\"><\/div>\n\n\n\n<div class=\"wp-block-column is-layout-flow wp-block-column-is-layout-flow\"><\/div>\n<\/div>\n\n\n\n<div class=\"wp-block-columns is-layout-flex wp-container-core-columns-is-layout-9d6595d7 wp-block-columns-is-layout-flex\">\n<div class=\"wp-block-column is-layout-flow wp-block-column-is-layout-flow\"><\/div>\n\n\n\n<div class=\"wp-block-column is-layout-flow wp-block-column-is-layout-flow\"><\/div>\n<\/div>\n","protected":false},"excerpt":{"rendered":"<p>CHEFFE DE SERVICE :Marie-Anne GAUD06 16 96 45 28magaud@prev-ir.fr TISF :Elodie KHECHABA Lieu de rattachement :Si\u00e8ge de l&rsquo;association 200 impasse Laverloch\u00e8re 38780 Pont-Ev\u00eaquedpal@prev-ir.fr 06 12 82 65 52&nbsp; Accompagnement propos\u00e9 sur Vienne et P\u00e9age de Roussillon<\/p>\n","protected":false},"author":12,"featured_media":0,"parent":0,"menu_order":11,"comment_status":"closed","ping_status":"closed","template":"","meta":{"ngg_post_thumbnail":0,"footnotes":""},"class_list":["post-2151","page","type-page","status-publish","hentry"],"jetpack_shortlink":"https:\/\/wp.me\/P5BzG1-yH","jetpack_sharing_enabled":true,"_links":{"self":[{"href":"https:\/\/prev-ir.fr\/index.php?rest_route=\/wp\/v2\/pages\/2151","targetHints":{"allow":["GET"]}}],"collection":[{"href":"https:\/\/prev-ir.fr\/index.php?rest_route=\/wp\/v2\/pages"}],"about":[{"href":"https:\/\/prev-ir.fr\/index.php?rest_route=\/wp\/v2\/types\/page"}],"author":[{"embeddable":true,"href":"https:\/\/prev-ir.fr\/index.php?rest_route=\/wp\/v2\/users\/12"}],"replies":[{"embeddable":true,"href":"https:\/\/prev-ir.fr\/index.php?rest_route=%2Fwp%2Fv2%2Fcomments&post=2151"}],"version-history":[{"count":7,"href":"https:\/\/prev-ir.fr\/index.php?rest_route=\/wp\/v2\/pages\/2151\/revisions"}],"predecessor-version":[{"id":2490,"href":"https:\/\/prev-ir.fr\/index.php?rest_route=\/wp\/v2\/pages\/2151\/revisions\/2490"}],"wp:attachment":[{"href":"https:\/\/prev-ir.fr\/index.php?rest_route=%2Fwp%2Fv2%2Fmedia&parent=2151"}],"curies":[{"name":"wp","href":"https:\/\/api.w.org\/{rel}","templated":true}]}}