{"id":240,"date":"2015-01-15T11:53:10","date_gmt":"2015-01-15T10:53:10","guid":{"rendered":"http:\/\/prev-ir.fr\/?page_id=240"},"modified":"2020-12-07T11:42:01","modified_gmt":"2020-12-07T10:42:01","slug":"le-projet-pedagogique","status":"publish","type":"page","link":"https:\/\/prev-ir.fr\/?page_id=240","title":{"rendered":"Le projet p\u00e9dagogique"},"content":{"rendered":"\n<p><\/p>\n\n\n\n<p><\/p>\n\n\n\n<div class=\"wp-block-columns is-layout-flex wp-container-core-columns-is-layout-9d6595d7 wp-block-columns-is-layout-flex\">\n<div class=\"wp-block-column is-layout-flow wp-block-column-is-layout-flow\" style=\"flex-basis:33.33%\">\n<div class=\"wp-block-jetpack-tiled-gallery aligncenter is-style-rectangular\"><div class=\"tiled-gallery__gallery\"><div class=\"tiled-gallery__row\"><div class=\"tiled-gallery__col\" style=\"flex-basis:63.52061028190163%\"><figure class=\"tiled-gallery__item\"><img decoding=\"async\" data-attachment-id=\"1848\" data-permalink=\"https:\/\/prev-ir.fr\/?attachment_id=1848\" data-orig-file=\"https:\/\/i0.wp.com\/prev-ir.fr\/wp-content\/uploads\/2020\/12\/ImagePREV-2.jpg?fit=1177%2C1523&amp;ssl=1\" data-orig-size=\"1177,1523\" data-comments-opened=\"0\" data-image-meta=\"{&quot;aperture&quot;:&quot;0&quot;,&quot;credit&quot;:&quot;&quot;,&quot;camera&quot;:&quot;&quot;,&quot;caption&quot;:&quot;&quot;,&quot;created_timestamp&quot;:&quot;0&quot;,&quot;copyright&quot;:&quot;&quot;,&quot;focal_length&quot;:&quot;0&quot;,&quot;iso&quot;:&quot;0&quot;,&quot;shutter_speed&quot;:&quot;0&quot;,&quot;title&quot;:&quot;&quot;,&quot;orientation&quot;:&quot;1&quot;}\" data-image-title=\"ImagePREV 2\" data-image-description=\"\" data-image-caption=\"\" data-large-file=\"https:\/\/i0.wp.com\/prev-ir.fr\/wp-content\/uploads\/2020\/12\/ImagePREV-2.jpg?fit=640%2C828&amp;ssl=1\" data-attachment-id=\"1848\" data-permalink=\"https:\/\/prev-ir.fr\/?attachment_id=1848\" data-orig-file=\"https:\/\/i0.wp.com\/prev-ir.fr\/wp-content\/uploads\/2020\/12\/ImagePREV-2.jpg?fit=1177%2C1523&amp;ssl=1\" data-orig-size=\"1177,1523\" data-comments-opened=\"0\" data-image-meta=\"{&quot;aperture&quot;:&quot;0&quot;,&quot;credit&quot;:&quot;&quot;,&quot;camera&quot;:&quot;&quot;,&quot;caption&quot;:&quot;&quot;,&quot;created_timestamp&quot;:&quot;0&quot;,&quot;copyright&quot;:&quot;&quot;,&quot;focal_length&quot;:&quot;0&quot;,&quot;iso&quot;:&quot;0&quot;,&quot;shutter_speed&quot;:&quot;0&quot;,&quot;title&quot;:&quot;&quot;,&quot;orientation&quot;:&quot;1&quot;}\" data-image-title=\"ImagePREV 2\" data-image-description=\"\" data-image-caption=\"\" data-large-file=\"https:\/\/i0.wp.com\/prev-ir.fr\/wp-content\/uploads\/2020\/12\/ImagePREV-2.jpg?fit=640%2C828&amp;ssl=1\" role=\"button\" tabindex=\"0\" aria-label=\"Ouvrir l\u2019image 1 sur 8 en plein \u00e9cran\"srcset=\"https:\/\/i0.wp.com\/prev-ir.fr\/wp-content\/uploads\/2020\/12\/ImagePREV-2.jpg?strip=info&#038;w=600&#038;ssl=1 600w,https:\/\/i0.wp.com\/prev-ir.fr\/wp-content\/uploads\/2020\/12\/ImagePREV-2.jpg?strip=info&#038;w=900&#038;ssl=1 900w,https:\/\/i0.wp.com\/prev-ir.fr\/wp-content\/uploads\/2020\/12\/ImagePREV-2.jpg?strip=info&#038;w=1177&#038;ssl=1 1177w\" alt=\"\" data-height=\"1523\" data-id=\"1848\" data-link=\"https:\/\/prev-ir.fr\/?attachment_id=1848\" data-url=\"https:\/\/prev-ir.fr\/wp-content\/uploads\/2020\/12\/ImagePREV-2.jpg\" data-width=\"1177\" src=\"https:\/\/i0.wp.com\/prev-ir.fr\/wp-content\/uploads\/2020\/12\/ImagePREV-2.jpg?ssl=1\" layout=\"responsive\"\/><\/figure><\/div><div class=\"tiled-gallery__col\" style=\"flex-basis:36.47938971809837%\"><figure class=\"tiled-gallery__item\"><img decoding=\"async\" data-attachment-id=\"891\" data-permalink=\"https:\/\/prev-ir.fr\/?attachment_id=891\" data-orig-file=\"https:\/\/i0.wp.com\/prev-ir.fr\/wp-content\/uploads\/2020\/04\/Atelier-cuisine-3-scaled.jpg?fit=2560%2C1704&amp;ssl=1\" data-orig-size=\"2560,1704\" data-comments-opened=\"0\" data-image-meta=\"{&quot;aperture&quot;:&quot;4.5&quot;,&quot;credit&quot;:&quot;Laurent Bleteau&quot;,&quot;camera&quot;:&quot;Canon EOS 1100D&quot;,&quot;caption&quot;:&quot;&quot;,&quot;created_timestamp&quot;:&quot;1401728455&quot;,&quot;copyright&quot;:&quot;laurentbleteau@free.fr&quot;,&quot;focal_length&quot;:&quot;18&quot;,&quot;iso&quot;:&quot;100&quot;,&quot;shutter_speed&quot;:&quot;0.02&quot;,&quot;title&quot;:&quot;&quot;,&quot;orientation&quot;:&quot;1&quot;}\" data-image-title=\"Atelier cuisine 3\" data-image-description=\"\" data-image-caption=\"\" data-large-file=\"https:\/\/i0.wp.com\/prev-ir.fr\/wp-content\/uploads\/2020\/04\/Atelier-cuisine-3-scaled.jpg?fit=640%2C426&amp;ssl=1\" data-attachment-id=\"891\" data-permalink=\"https:\/\/prev-ir.fr\/?attachment_id=891\" data-orig-file=\"https:\/\/i0.wp.com\/prev-ir.fr\/wp-content\/uploads\/2020\/04\/Atelier-cuisine-3-scaled.jpg?fit=2560%2C1704&amp;ssl=1\" data-orig-size=\"2560,1704\" data-comments-opened=\"0\" data-image-meta=\"{&quot;aperture&quot;:&quot;4.5&quot;,&quot;credit&quot;:&quot;Laurent Bleteau&quot;,&quot;camera&quot;:&quot;Canon EOS 1100D&quot;,&quot;caption&quot;:&quot;&quot;,&quot;created_timestamp&quot;:&quot;1401728455&quot;,&quot;copyright&quot;:&quot;laurentbleteau@free.fr&quot;,&quot;focal_length&quot;:&quot;18&quot;,&quot;iso&quot;:&quot;100&quot;,&quot;shutter_speed&quot;:&quot;0.02&quot;,&quot;title&quot;:&quot;&quot;,&quot;orientation&quot;:&quot;1&quot;}\" data-image-title=\"Atelier cuisine 3\" data-image-description=\"\" data-image-caption=\"\" data-large-file=\"https:\/\/i0.wp.com\/prev-ir.fr\/wp-content\/uploads\/2020\/04\/Atelier-cuisine-3-scaled.jpg?fit=640%2C426&amp;ssl=1\" role=\"button\" tabindex=\"0\" aria-label=\"Ouvrir l\u2019image 2 sur 8 en plein \u00e9cran\"srcset=\"https:\/\/i2.wp.com\/prev-ir.fr\/wp-content\/uploads\/2020\/04\/Atelier-cuisine-3-scaled.jpg?strip=info&#038;w=600&#038;ssl=1 600w,https:\/\/i2.wp.com\/prev-ir.fr\/wp-content\/uploads\/2020\/04\/Atelier-cuisine-3-scaled.jpg?strip=info&#038;w=900&#038;ssl=1 900w,https:\/\/i2.wp.com\/prev-ir.fr\/wp-content\/uploads\/2020\/04\/Atelier-cuisine-3-scaled.jpg?strip=info&#038;w=1200&#038;ssl=1 1200w,https:\/\/i2.wp.com\/prev-ir.fr\/wp-content\/uploads\/2020\/04\/Atelier-cuisine-3-scaled.jpg?strip=info&#038;w=1500&#038;ssl=1 1500w,https:\/\/i2.wp.com\/prev-ir.fr\/wp-content\/uploads\/2020\/04\/Atelier-cuisine-3-scaled.jpg?strip=info&#038;w=1800&#038;ssl=1 1800w,https:\/\/i2.wp.com\/prev-ir.fr\/wp-content\/uploads\/2020\/04\/Atelier-cuisine-3-scaled.jpg?strip=info&#038;w=2000&#038;ssl=1 2000w\" alt=\"\" data-height=\"1704\" data-id=\"891\" data-link=\"https:\/\/prev-ir.fr\/?attachment_id=891\" data-url=\"https:\/\/prev-ir.fr\/wp-content\/uploads\/2020\/04\/Atelier-cuisine-3-scaled.jpg\" data-width=\"2560\" src=\"https:\/\/i2.wp.com\/prev-ir.fr\/wp-content\/uploads\/2020\/04\/Atelier-cuisine-3-scaled.jpg?ssl=1\" layout=\"responsive\"\/><\/figure><figure class=\"tiled-gallery__item\"><img decoding=\"async\" data-attachment-id=\"888\" data-permalink=\"https:\/\/prev-ir.fr\/?attachment_id=888\" data-orig-file=\"https:\/\/i0.wp.com\/prev-ir.fr\/wp-content\/uploads\/2020\/04\/20151110_145409-scaled.jpg?fit=2560%2C1920&amp;ssl=1\" data-orig-size=\"2560,1920\" data-comments-opened=\"0\" data-image-meta=\"{&quot;aperture&quot;:&quot;2.6&quot;,&quot;credit&quot;:&quot;&quot;,&quot;camera&quot;:&quot;GT-I9300&quot;,&quot;caption&quot;:&quot;&quot;,&quot;created_timestamp&quot;:&quot;1447167249&quot;,&quot;copyright&quot;:&quot;&quot;,&quot;focal_length&quot;:&quot;3.7&quot;,&quot;iso&quot;:&quot;80&quot;,&quot;shutter_speed&quot;:&quot;0.0021834061135371&quot;,&quot;title&quot;:&quot;&quot;,&quot;orientation&quot;:&quot;1&quot;}\" data-image-title=\"20151110_145409\" data-image-description=\"\" data-image-caption=\"\" data-large-file=\"https:\/\/i0.wp.com\/prev-ir.fr\/wp-content\/uploads\/2020\/04\/20151110_145409-scaled.jpg?fit=640%2C480&amp;ssl=1\" data-attachment-id=\"888\" data-permalink=\"https:\/\/prev-ir.fr\/?attachment_id=888\" data-orig-file=\"https:\/\/i0.wp.com\/prev-ir.fr\/wp-content\/uploads\/2020\/04\/20151110_145409-scaled.jpg?fit=2560%2C1920&amp;ssl=1\" data-orig-size=\"2560,1920\" data-comments-opened=\"0\" data-image-meta=\"{&quot;aperture&quot;:&quot;2.6&quot;,&quot;credit&quot;:&quot;&quot;,&quot;camera&quot;:&quot;GT-I9300&quot;,&quot;caption&quot;:&quot;&quot;,&quot;created_timestamp&quot;:&quot;1447167249&quot;,&quot;copyright&quot;:&quot;&quot;,&quot;focal_length&quot;:&quot;3.7&quot;,&quot;iso&quot;:&quot;80&quot;,&quot;shutter_speed&quot;:&quot;0.0021834061135371&quot;,&quot;title&quot;:&quot;&quot;,&quot;orientation&quot;:&quot;1&quot;}\" data-image-title=\"20151110_145409\" data-image-description=\"\" data-image-caption=\"\" data-large-file=\"https:\/\/i0.wp.com\/prev-ir.fr\/wp-content\/uploads\/2020\/04\/20151110_145409-scaled.jpg?fit=640%2C480&amp;ssl=1\" role=\"button\" tabindex=\"0\" aria-label=\"Ouvrir l\u2019image 3 sur 8 en plein \u00e9cran\"srcset=\"https:\/\/i2.wp.com\/prev-ir.fr\/wp-content\/uploads\/2020\/04\/20151110_145409-scaled.jpg?strip=info&#038;w=600&#038;ssl=1 600w,https:\/\/i2.wp.com\/prev-ir.fr\/wp-content\/uploads\/2020\/04\/20151110_145409-scaled.jpg?strip=info&#038;w=900&#038;ssl=1 900w,https:\/\/i2.wp.com\/prev-ir.fr\/wp-content\/uploads\/2020\/04\/20151110_145409-scaled.jpg?strip=info&#038;w=1200&#038;ssl=1 1200w,https:\/\/i2.wp.com\/prev-ir.fr\/wp-content\/uploads\/2020\/04\/20151110_145409-scaled.jpg?strip=info&#038;w=1500&#038;ssl=1 1500w,https:\/\/i2.wp.com\/prev-ir.fr\/wp-content\/uploads\/2020\/04\/20151110_145409-scaled.jpg?strip=info&#038;w=1800&#038;ssl=1 1800w,https:\/\/i2.wp.com\/prev-ir.fr\/wp-content\/uploads\/2020\/04\/20151110_145409-scaled.jpg?strip=info&#038;w=2000&#038;ssl=1 2000w\" alt=\"\" data-height=\"1920\" data-id=\"888\" data-link=\"https:\/\/prev-ir.fr\/?attachment_id=888\" data-url=\"https:\/\/prev-ir.fr\/wp-content\/uploads\/2020\/04\/20151110_145409-scaled.jpg\" data-width=\"2560\" src=\"https:\/\/i2.wp.com\/prev-ir.fr\/wp-content\/uploads\/2020\/04\/20151110_145409-scaled.jpg?ssl=1\" layout=\"responsive\"\/><\/figure><figure class=\"tiled-gallery__item\"><img decoding=\"async\" data-attachment-id=\"887\" data-permalink=\"https:\/\/prev-ir.fr\/?attachment_id=887\" data-orig-file=\"https:\/\/i0.wp.com\/prev-ir.fr\/wp-content\/uploads\/2020\/04\/20151026_144556-scaled.jpg?fit=2560%2C1920&amp;ssl=1\" data-orig-size=\"2560,1920\" data-comments-opened=\"0\" data-image-meta=\"{&quot;aperture&quot;:&quot;2.6&quot;,&quot;credit&quot;:&quot;&quot;,&quot;camera&quot;:&quot;GT-I9300&quot;,&quot;caption&quot;:&quot;&quot;,&quot;created_timestamp&quot;:&quot;1445870755&quot;,&quot;copyright&quot;:&quot;&quot;,&quot;focal_length&quot;:&quot;3.7&quot;,&quot;iso&quot;:&quot;80&quot;,&quot;shutter_speed&quot;:&quot;0.0042372881355932&quot;,&quot;title&quot;:&quot;&quot;,&quot;orientation&quot;:&quot;1&quot;}\" data-image-title=\"20151026_144556\" data-image-description=\"\" data-image-caption=\"\" data-large-file=\"https:\/\/i0.wp.com\/prev-ir.fr\/wp-content\/uploads\/2020\/04\/20151026_144556-scaled.jpg?fit=640%2C480&amp;ssl=1\" data-attachment-id=\"887\" data-permalink=\"https:\/\/prev-ir.fr\/?attachment_id=887\" data-orig-file=\"https:\/\/i0.wp.com\/prev-ir.fr\/wp-content\/uploads\/2020\/04\/20151026_144556-scaled.jpg?fit=2560%2C1920&amp;ssl=1\" data-orig-size=\"2560,1920\" data-comments-opened=\"0\" data-image-meta=\"{&quot;aperture&quot;:&quot;2.6&quot;,&quot;credit&quot;:&quot;&quot;,&quot;camera&quot;:&quot;GT-I9300&quot;,&quot;caption&quot;:&quot;&quot;,&quot;created_timestamp&quot;:&quot;1445870755&quot;,&quot;copyright&quot;:&quot;&quot;,&quot;focal_length&quot;:&quot;3.7&quot;,&quot;iso&quot;:&quot;80&quot;,&quot;shutter_speed&quot;:&quot;0.0042372881355932&quot;,&quot;title&quot;:&quot;&quot;,&quot;orientation&quot;:&quot;1&quot;}\" data-image-title=\"20151026_144556\" data-image-description=\"\" data-image-caption=\"\" data-large-file=\"https:\/\/i0.wp.com\/prev-ir.fr\/wp-content\/uploads\/2020\/04\/20151026_144556-scaled.jpg?fit=640%2C480&amp;ssl=1\" role=\"button\" tabindex=\"0\" aria-label=\"Ouvrir l\u2019image 4 sur 8 en plein \u00e9cran\"srcset=\"https:\/\/i1.wp.com\/prev-ir.fr\/wp-content\/uploads\/2020\/04\/20151026_144556-scaled.jpg?strip=info&#038;w=600&#038;ssl=1 600w,https:\/\/i1.wp.com\/prev-ir.fr\/wp-content\/uploads\/2020\/04\/20151026_144556-scaled.jpg?strip=info&#038;w=900&#038;ssl=1 900w,https:\/\/i1.wp.com\/prev-ir.fr\/wp-content\/uploads\/2020\/04\/20151026_144556-scaled.jpg?strip=info&#038;w=1200&#038;ssl=1 1200w,https:\/\/i1.wp.com\/prev-ir.fr\/wp-content\/uploads\/2020\/04\/20151026_144556-scaled.jpg?strip=info&#038;w=1500&#038;ssl=1 1500w,https:\/\/i1.wp.com\/prev-ir.fr\/wp-content\/uploads\/2020\/04\/20151026_144556-scaled.jpg?strip=info&#038;w=1800&#038;ssl=1 1800w,https:\/\/i1.wp.com\/prev-ir.fr\/wp-content\/uploads\/2020\/04\/20151026_144556-scaled.jpg?strip=info&#038;w=2000&#038;ssl=1 2000w\" alt=\"\" data-height=\"1920\" data-id=\"887\" data-link=\"https:\/\/prev-ir.fr\/?attachment_id=887\" data-url=\"https:\/\/prev-ir.fr\/wp-content\/uploads\/2020\/04\/20151026_144556-scaled.jpg\" data-width=\"2560\" src=\"https:\/\/i1.wp.com\/prev-ir.fr\/wp-content\/uploads\/2020\/04\/20151026_144556-scaled.jpg?ssl=1\" layout=\"responsive\"\/><\/figure><\/div><\/div><div class=\"tiled-gallery__row\"><div class=\"tiled-gallery__col\" style=\"flex-basis:53.679628034253234%\"><figure class=\"tiled-gallery__item\"><img decoding=\"async\" role=\"button\" tabindex=\"0\" aria-label=\"Ouvrir l\u2019image 5 sur 8 en plein \u00e9cran\"srcset=\"https:\/\/i1.wp.com\/prev-ir.fr\/wp-content\/uploads\/2015\/01\/Chantier-preparation-de-buffet-e1421399162190.jpg?strip=info&#038;w=500&#038;ssl=1 500w\" alt=\"\" data-height=\"667\" data-id=\"143\" data-link=\"https:\/\/prev-ir.fr\/?attachment_id=143\" data-url=\"https:\/\/prev-ir.fr\/wp-content\/uploads\/2015\/01\/Chantier-preparation-de-buffet-e1421399162190.jpg\" data-width=\"500\" src=\"https:\/\/i1.wp.com\/prev-ir.fr\/wp-content\/uploads\/2015\/01\/Chantier-preparation-de-buffet-e1421399162190.jpg?ssl=1\" layout=\"responsive\"\/><\/figure><\/div><div class=\"tiled-gallery__col\" style=\"flex-basis:46.32037196574676%\"><figure class=\"tiled-gallery__item\"><img decoding=\"async\" data-attachment-id=\"144\" data-permalink=\"https:\/\/prev-ir.fr\/?attachment_id=144\" data-orig-file=\"https:\/\/i0.wp.com\/prev-ir.fr\/wp-content\/uploads\/2015\/01\/Peinture-de-Volets-a-latelier1-e1421080223143.jpg?fit=733%2C550&amp;ssl=1\" data-orig-size=\"733,550\" data-comments-opened=\"0\" data-image-meta=\"{&quot;aperture&quot;:&quot;2.8&quot;,&quot;credit&quot;:&quot;&quot;,&quot;camera&quot;:&quot;DMC-FZ100&quot;,&quot;caption&quot;:&quot;&quot;,&quot;created_timestamp&quot;:&quot;1366805791&quot;,&quot;copyright&quot;:&quot;&quot;,&quot;focal_length&quot;:&quot;4.5&quot;,&quot;iso&quot;:&quot;100&quot;,&quot;shutter_speed&quot;:&quot;0.0125&quot;,&quot;title&quot;:&quot;&quot;,&quot;orientation&quot;:&quot;1&quot;}\" data-image-title=\"Peinture de volets \u00e0 l&amp;rsquo;atelier\" data-image-description=\"\" data-image-caption=\"\" data-large-file=\"https:\/\/i0.wp.com\/prev-ir.fr\/wp-content\/uploads\/2015\/01\/Peinture-de-Volets-a-latelier1-e1421080223143.jpg?fit=640%2C480&amp;ssl=1\" data-attachment-id=\"144\" data-permalink=\"https:\/\/prev-ir.fr\/?attachment_id=144\" data-orig-file=\"https:\/\/i0.wp.com\/prev-ir.fr\/wp-content\/uploads\/2015\/01\/Peinture-de-Volets-a-latelier1-e1421080223143.jpg?fit=733%2C550&amp;ssl=1\" data-orig-size=\"733,550\" data-comments-opened=\"0\" data-image-meta=\"{&quot;aperture&quot;:&quot;2.8&quot;,&quot;credit&quot;:&quot;&quot;,&quot;camera&quot;:&quot;DMC-FZ100&quot;,&quot;caption&quot;:&quot;&quot;,&quot;created_timestamp&quot;:&quot;1366805791&quot;,&quot;copyright&quot;:&quot;&quot;,&quot;focal_length&quot;:&quot;4.5&quot;,&quot;iso&quot;:&quot;100&quot;,&quot;shutter_speed&quot;:&quot;0.0125&quot;,&quot;title&quot;:&quot;&quot;,&quot;orientation&quot;:&quot;1&quot;}\" data-image-title=\"Peinture de volets \u00e0 l&amp;rsquo;atelier\" data-image-description=\"\" data-image-caption=\"\" data-large-file=\"https:\/\/i0.wp.com\/prev-ir.fr\/wp-content\/uploads\/2015\/01\/Peinture-de-Volets-a-latelier1-e1421080223143.jpg?fit=640%2C480&amp;ssl=1\" role=\"button\" tabindex=\"0\" aria-label=\"Ouvrir l\u2019image 6 sur 8 en plein \u00e9cran\"srcset=\"https:\/\/i2.wp.com\/prev-ir.fr\/wp-content\/uploads\/2015\/01\/Peinture-de-Volets-a-latelier1-e1421080223143.jpg?strip=info&#038;w=600&#038;ssl=1 600w,https:\/\/i2.wp.com\/prev-ir.fr\/wp-content\/uploads\/2015\/01\/Peinture-de-Volets-a-latelier1-e1421080223143.jpg?strip=info&#038;w=733&#038;ssl=1 733w\" alt=\"\" data-height=\"550\" data-id=\"144\" data-link=\"https:\/\/prev-ir.fr\/?attachment_id=144\" data-url=\"https:\/\/prev-ir.fr\/wp-content\/uploads\/2015\/01\/Peinture-de-Volets-a-latelier1-e1421080223143.jpg\" data-width=\"733\" src=\"https:\/\/i2.wp.com\/prev-ir.fr\/wp-content\/uploads\/2015\/01\/Peinture-de-Volets-a-latelier1-e1421080223143.jpg?ssl=1\" layout=\"responsive\"\/><\/figure><figure class=\"tiled-gallery__item\"><img decoding=\"async\" data-attachment-id=\"884\" data-permalink=\"https:\/\/prev-ir.fr\/?attachment_id=884\" data-orig-file=\"https:\/\/i0.wp.com\/prev-ir.fr\/wp-content\/uploads\/2020\/04\/IMG_3008.jpg?fit=1280%2C960&amp;ssl=1\" data-orig-size=\"1280,960\" data-comments-opened=\"0\" data-image-meta=\"{&quot;aperture&quot;:&quot;2.2&quot;,&quot;credit&quot;:&quot;&quot;,&quot;camera&quot;:&quot;iPhone 6&quot;,&quot;caption&quot;:&quot;&quot;,&quot;created_timestamp&quot;:&quot;1438770946&quot;,&quot;copyright&quot;:&quot;&quot;,&quot;focal_length&quot;:&quot;4.15&quot;,&quot;iso&quot;:&quot;32&quot;,&quot;shutter_speed&quot;:&quot;0.00058105752469494&quot;,&quot;title&quot;:&quot;&quot;,&quot;orientation&quot;:&quot;1&quot;}\" data-image-title=\"IMG_3008\" data-image-description=\"\" data-image-caption=\"\" data-large-file=\"https:\/\/i0.wp.com\/prev-ir.fr\/wp-content\/uploads\/2020\/04\/IMG_3008.jpg?fit=640%2C480&amp;ssl=1\" data-attachment-id=\"884\" data-permalink=\"https:\/\/prev-ir.fr\/?attachment_id=884\" data-orig-file=\"https:\/\/i0.wp.com\/prev-ir.fr\/wp-content\/uploads\/2020\/04\/IMG_3008.jpg?fit=1280%2C960&amp;ssl=1\" data-orig-size=\"1280,960\" data-comments-opened=\"0\" data-image-meta=\"{&quot;aperture&quot;:&quot;2.2&quot;,&quot;credit&quot;:&quot;&quot;,&quot;camera&quot;:&quot;iPhone 6&quot;,&quot;caption&quot;:&quot;&quot;,&quot;created_timestamp&quot;:&quot;1438770946&quot;,&quot;copyright&quot;:&quot;&quot;,&quot;focal_length&quot;:&quot;4.15&quot;,&quot;iso&quot;:&quot;32&quot;,&quot;shutter_speed&quot;:&quot;0.00058105752469494&quot;,&quot;title&quot;:&quot;&quot;,&quot;orientation&quot;:&quot;1&quot;}\" data-image-title=\"IMG_3008\" data-image-description=\"\" data-image-caption=\"\" data-large-file=\"https:\/\/i0.wp.com\/prev-ir.fr\/wp-content\/uploads\/2020\/04\/IMG_3008.jpg?fit=640%2C480&amp;ssl=1\" role=\"button\" tabindex=\"0\" aria-label=\"Ouvrir l\u2019image 7 sur 8 en plein \u00e9cran\"srcset=\"https:\/\/i1.wp.com\/prev-ir.fr\/wp-content\/uploads\/2020\/04\/IMG_3008.jpg?strip=info&#038;w=600&#038;ssl=1 600w,https:\/\/i1.wp.com\/prev-ir.fr\/wp-content\/uploads\/2020\/04\/IMG_3008.jpg?strip=info&#038;w=900&#038;ssl=1 900w,https:\/\/i1.wp.com\/prev-ir.fr\/wp-content\/uploads\/2020\/04\/IMG_3008.jpg?strip=info&#038;w=1200&#038;ssl=1 1200w,https:\/\/i1.wp.com\/prev-ir.fr\/wp-content\/uploads\/2020\/04\/IMG_3008.jpg?strip=info&#038;w=1280&#038;ssl=1 1280w\" alt=\"\" data-height=\"960\" data-id=\"884\" data-link=\"https:\/\/prev-ir.fr\/?attachment_id=884\" data-url=\"https:\/\/prev-ir.fr\/wp-content\/uploads\/2020\/04\/IMG_3008.jpg\" data-width=\"1280\" src=\"https:\/\/i1.wp.com\/prev-ir.fr\/wp-content\/uploads\/2020\/04\/IMG_3008.jpg?ssl=1\" layout=\"responsive\"\/><\/figure><\/div><\/div><div class=\"tiled-gallery__row\"><div class=\"tiled-gallery__col\" style=\"flex-basis:100%\"><figure class=\"tiled-gallery__item\"><img decoding=\"async\" role=\"button\" tabindex=\"0\" aria-label=\"Ouvrir l\u2019image 8 sur 8 en plein \u00e9cran\"srcset=\"https:\/\/i0.wp.com\/prev-ir.fr\/wp-content\/uploads\/2020\/04\/ChasseSurRhone2-scaled.jpg?strip=info&#038;w=600&#038;ssl=1 600w,https:\/\/i0.wp.com\/prev-ir.fr\/wp-content\/uploads\/2020\/04\/ChasseSurRhone2-scaled.jpg?strip=info&#038;w=900&#038;ssl=1 900w,https:\/\/i0.wp.com\/prev-ir.fr\/wp-content\/uploads\/2020\/04\/ChasseSurRhone2-scaled.jpg?strip=info&#038;w=1200&#038;ssl=1 1200w,https:\/\/i0.wp.com\/prev-ir.fr\/wp-content\/uploads\/2020\/04\/ChasseSurRhone2-scaled.jpg?strip=info&#038;w=1500&#038;ssl=1 1500w,https:\/\/i0.wp.com\/prev-ir.fr\/wp-content\/uploads\/2020\/04\/ChasseSurRhone2-scaled.jpg?strip=info&#038;w=1800&#038;ssl=1 1800w,https:\/\/i0.wp.com\/prev-ir.fr\/wp-content\/uploads\/2020\/04\/ChasseSurRhone2-scaled.jpg?strip=info&#038;w=2000&#038;ssl=1 2000w\" alt=\"\" data-height=\"1707\" data-id=\"872\" data-link=\"https:\/\/prev-ir.fr\/?attachment_id=872\" data-url=\"https:\/\/prev-ir.fr\/wp-content\/uploads\/2020\/04\/ChasseSurRhone2-scaled.jpg\" data-width=\"2560\" src=\"https:\/\/i0.wp.com\/prev-ir.fr\/wp-content\/uploads\/2020\/04\/ChasseSurRhone2-scaled.jpg?ssl=1\" layout=\"responsive\"\/><\/figure><\/div><\/div><\/div><\/div>\n<\/div>\n\n\n\n<div class=\"wp-block-column is-layout-flow wp-block-column-is-layout-flow\" style=\"flex-basis:66.66%\">\n<p class=\"has-text-color has-medium-font-size\" style=\"color:#3c6097\"><strong>INTRODUCTION<\/strong><\/p>\n\n\n\n<p style=\"font-size: 15px; text-align: left;\">Le projet p\u00e9dagogique du service de Pr\u00e9vention Sp\u00e9cialis\u00e9e de PR\u00c9VenIR a pour but de donner \u00e0 l\u2019ensemble des acteurs de l\u2019institution un sens commun de la mission confi\u00e9e par le D\u00e9partement de l\u2019Is\u00e8re. Il sp\u00e9cifie le cadre d\u2019int<strong>e<\/strong>rvention, les \u00e9l\u00e9ments permettant sa mise en \u0153uvre et pr\u00e9cise les diff\u00e9rentes caract\u00e9ristiques qui permettent son \u00e9valuation.<\/p>\n\n\n\n<p style=\"font-size: 15px;\"><strong>Ce projet p\u00e9dagogique formalise les intentions \u00e9ducatives, les valeurs et les convictions qui sont \u00e0 l\u2019origine de l\u2019engagement de l\u2019association et de son projet politique actuel. Il propose une production de connaissance en lien avec la pratique des professionnels et \u00e0 partir d\u2019un savoir-faire analys\u00e9 et mis \u00e0 jour collectivement.<\/strong><\/p>\n\n\n\n<p style=\"font-size: 15px; text-align: left;\">D\u00e8s lors, il constitue un r\u00e9f\u00e9rentiel pour l\u2019action qui doit aussi permettre de la rendre lisible \u00e0 nos financeurs et \u00e0 nos partenaires.<br>Pour les professionnels de PR\u00c9VenIR, le projet p\u00e9dagogique donne le cadre commun permettant l\u2019exercice de la pratique \u00e9ducative. Il doit aussi permettre \u00e0 ces derni\u00e8res de s\u2019adapter aux \u00e9volutions soci\u00e9tales et aux particularit\u00e9s des territoires d\u2019intervention. Les \u00e9quipes de PR\u00c9VenIR doivent ainsi \u00eatre en capacit\u00e9 de s\u2019adapter, de se mobiliser, d\u2019exp\u00e9rimenter et de cr\u00e9er de nouvelles mani\u00e8res de penser et de produire de l\u2019action.<\/p>\n\n\n\n<div class=\"wp-block-buttons is-layout-flex wp-block-buttons-is-layout-flex\">\n<div class=\"wp-block-button\"><a class=\"wp-block-button__link has-white-color has-text-color has-background\" href=\"https:\/\/prev-ir.fr\/wp-content\/uploads\/2020\/12\/Projet-pedagogique-PREVenIR_-0619.pdf\" style=\"background-color:#3c5792\" target=\"_blank\" rel=\"noreferrer noopener\"><span style=\"color:#ffffff\" class=\"tadv-color\">Lire la suite &#8230;<\/span><\/a><\/div>\n<\/div>\n<\/div>\n<\/div>\n","protected":false},"excerpt":{"rendered":"<p>INTRODUCTION Le projet p\u00e9dagogique du service de Pr\u00e9vention Sp\u00e9cialis\u00e9e de PR\u00c9VenIR a pour but de donner \u00e0 l\u2019ensemble des acteurs de l\u2019institution un sens commun de la mission confi\u00e9e par le D\u00e9partement de l\u2019Is\u00e8re. Il sp\u00e9cifie le cadre d\u2019intervention, les&hellip;&nbsp;<a href=\"https:\/\/prev-ir.fr\/?page_id=240\" class=\"more-link\">Lire la suite<\/a><\/p>\n","protected":false},"author":2,"featured_media":0,"parent":488,"menu_order":22,"comment_status":"closed","ping_status":"closed","template":"","meta":{"ngg_post_thumbnail":0,"footnotes":""},"class_list":["post-240","page","type-page","status-publish","hentry"],"jetpack_shortlink":"https:\/\/wp.me\/P5BzG1-3S","jetpack_sharing_enabled":true,"_links":{"self":[{"href":"https:\/\/prev-ir.fr\/index.php?rest_route=\/wp\/v2\/pages\/240","targetHints":{"allow":["GET"]}}],"collection":[{"href":"https:\/\/prev-ir.fr\/index.php?rest_route=\/wp\/v2\/pages"}],"about":[{"href":"https:\/\/prev-ir.fr\/index.php?rest_route=\/wp\/v2\/types\/page"}],"author":[{"embeddable":true,"href":"https:\/\/prev-ir.fr\/index.php?rest_route=\/wp\/v2\/users\/2"}],"replies":[{"embeddable":true,"href":"https:\/\/prev-ir.fr\/index.php?rest_route=%2Fwp%2Fv2%2Fcomments&post=240"}],"version-history":[{"count":25,"href":"https:\/\/prev-ir.fr\/index.php?rest_route=\/wp\/v2\/pages\/240\/revisions"}],"predecessor-version":[{"id":1857,"href":"https:\/\/prev-ir.fr\/index.php?rest_route=\/wp\/v2\/pages\/240\/revisions\/1857"}],"up":[{"embeddable":true,"href":"https:\/\/prev-ir.fr\/index.php?rest_route=\/wp\/v2\/pages\/488"}],"wp:attachment":[{"href":"https:\/\/prev-ir.fr\/index.php?rest_route=%2Fwp%2Fv2%2Fmedia&parent=240"}],"curies":[{"name":"wp","href":"https:\/\/api.w.org\/{rel}","templated":true}]}}