{"id":246,"date":"2015-01-15T11:54:08","date_gmt":"2015-01-15T10:54:08","guid":{"rendered":"http:\/\/prev-ir.fr\/?page_id=246"},"modified":"2023-09-28T16:31:39","modified_gmt":"2023-09-28T14:31:39","slug":"i-d-e-a-l","status":"publish","type":"page","link":"https:\/\/prev-ir.fr\/?page_id=246","title":{"rendered":"I.D.E.A.L"},"content":{"rendered":"\n<p>Association Interm\u00e9diaire de Pr\u00e9vention Sp\u00e9cialis\u00e9e<\/p>\n\n\n\n<div data-wp-interactive=\"core\/file\" class=\"wp-block-file\"><object data-wp-bind--hidden=\"!state.hasPdfPreview\" hidden class=\"wp-block-file__embed\" data=\"https:\/\/prev-ir.fr\/wp-content\/uploads\/2023\/09\/cicurlaire-29-juin-1999.pdf\" type=\"application\/pdf\" style=\"width:100%;height:600px\" aria-label=\"Contenu embarqu\u00e9 cicurlaire-29-juin-1999.\"><\/object><a id=\"wp-block-file--media-671a79bb-50c5-4082-b966-6e65f73c4ae0\" href=\"https:\/\/prev-ir.fr\/wp-content\/uploads\/2023\/09\/cicurlaire-29-juin-1999.pdf\">cicurlaire-29-juin-1999<\/a><a href=\"https:\/\/prev-ir.fr\/wp-content\/uploads\/2023\/09\/cicurlaire-29-juin-1999.pdf\" class=\"wp-block-file__button wp-element-button\" download aria-describedby=\"wp-block-file--media-671a79bb-50c5-4082-b966-6e65f73c4ae0\">T\u00e9l\u00e9charger<\/a><\/div>\n","protected":false},"excerpt":{"rendered":"<p>Association Interm\u00e9diaire de Pr\u00e9vention Sp\u00e9cialis\u00e9e<\/p>\n","protected":false},"author":2,"featured_media":0,"parent":495,"menu_order":27,"comment_status":"closed","ping_status":"closed","template":"","meta":{"ngg_post_thumbnail":0,"footnotes":""},"class_list":["post-246","page","type-page","status-publish","hentry"],"jetpack_shortlink":"https:\/\/wp.me\/P5BzG1-3Y","jetpack_sharing_enabled":true,"_links":{"self":[{"href":"https:\/\/prev-ir.fr\/index.php?rest_route=\/wp\/v2\/pages\/246","targetHints":{"allow":["GET"]}}],"collection":[{"href":"https:\/\/prev-ir.fr\/index.php?rest_route=\/wp\/v2\/pages"}],"about":[{"href":"https:\/\/prev-ir.fr\/index.php?rest_route=\/wp\/v2\/types\/page"}],"author":[{"embeddable":true,"href":"https:\/\/prev-ir.fr\/index.php?rest_route=\/wp\/v2\/users\/2"}],"replies":[{"embeddable":true,"href":"https:\/\/prev-ir.fr\/index.php?rest_route=%2Fwp%2Fv2%2Fcomments&post=246"}],"version-history":[{"count":2,"href":"https:\/\/prev-ir.fr\/index.php?rest_route=\/wp\/v2\/pages\/246\/revisions"}],"predecessor-version":[{"id":2224,"href":"https:\/\/prev-ir.fr\/index.php?rest_route=\/wp\/v2\/pages\/246\/revisions\/2224"}],"up":[{"embeddable":true,"href":"https:\/\/prev-ir.fr\/index.php?rest_route=\/wp\/v2\/pages\/495"}],"wp:attachment":[{"href":"https:\/\/prev-ir.fr\/index.php?rest_route=%2Fwp%2Fv2%2Fmedia&parent=246"}],"curies":[{"name":"wp","href":"https:\/\/api.w.org\/{rel}","templated":true}]}}