{"id":48,"date":"2015-01-08T11:22:42","date_gmt":"2015-01-08T10:22:42","guid":{"rendered":"http:\/\/prev-ir.fr\/?page_id=48"},"modified":"2023-07-25T12:10:13","modified_gmt":"2023-07-25T10:10:13","slug":"historique","status":"publish","type":"page","link":"https:\/\/prev-ir.fr\/?page_id=48","title":{"rendered":"Philosophie d&rsquo;intervention"},"content":{"rendered":"\n<p style=\"text-align: justify;\">Dans le cadre de son habilitation par le D\u00e9partement de l\u2019Is\u00e8re, l\u2019Association PR\u00c9VenIR participe \u00e0 la pr\u00e9vention des d\u00e9crochages et ruptures vis-\u00e0-vis de la famille, de la scolarit\u00e9, de la vie professionnelle et affective qui caract\u00e9risent ces publics et multiplient les risques d\u2019errance, de solitude, de maltraitance, de soumission aux pressions du groupe. A l\u2019\u00e9gard de ces publics en rupture, les \u00e9ducateurs de Pr\u00e9vention Sp\u00e9cialis\u00e9e proposent et assurent un accompagnement \u00e9ducatif individuel et collectif. La d\u00e9marche pr\u00e9ventive se d\u00e9ploie au c\u0153ur de tensions&nbsp;multiples qui impliquent des jeunes, que ces derniers en soient les auteurs ou les victimes. A l\u2019\u00e9gard de ces publics, les \u00e9ducateurs de Pr\u00e9vention Sp\u00e9cialis\u00e9e interviennent en direction du jeune ou du groupe de jeunes et de l\u2019environnement familial et social. Ce travail impose l\u2019exercice d\u2019une pr\u00e9sence quotidienne dans les quartiers et une disponibilit\u00e9 aupr\u00e8s des structures d\u2019accueil scolaires, sociales et de loisirs.<\/p>\n<p style=\"text-align: justify;\">Ces r\u00e9ponses s\u2019inscrivent dans un principe de partenariat, pierre angulaire de la d\u00e9marche de Pr\u00e9vention Sp\u00e9cialis\u00e9e, inscrit dans les textes de l\u2019Arr\u00eat\u00e9 du 4 juillet 1972, sous le vocable de \u00ab collaboration \u00bb. PR\u00c9VenIR veille \u00e0 prendre en compte de fa\u00e7on collaborative les personnes (habitants, acteurs non-institutionnels) concern\u00e9es et impliqu\u00e9es lors de l\u2019\u00e9laboration des projets d\u2019actions \u00e9ducatives. Pour autant, l\u2019intervention de la Pr\u00e9vention Sp\u00e9cialis\u00e9e s\u2019inscrit dans un territoire donn\u00e9 et s\u2019articulent avec d\u2019autres actions men\u00e9es dans le cadre des politiques publiques (protection de l\u2019enfance, pr\u00e9vention de la d\u00e9linquance, politiques \u00e9ducatives locales et d\u2019insertion\u2026). La participation de la pr\u00e9vention sp\u00e9cialis\u00e9e aux dispositifs ou aux instances qui en d\u00e9coulent localement appara\u00eet alors comme n\u00e9cessaire et indispensable. La participation de la Pr\u00e9vention Sp\u00e9cialis\u00e9e aux politiques transversales, la place dans un r\u00e9seau partenarial o\u00f9 chacun doit tenir sa mission, conna\u00eetre et respecter celle des autres.<\/p>\n<p style=\"text-align: justify;\">\u00ab&nbsp;La Pr\u00e9vention Sp\u00e9cialis\u00e9e se d\u00e9finit comme une r\u00e9ponse \u00e0 une demande plus ou moins implicite exprim\u00e9e par un milieu. Elle s\u2019appr\u00e9cie \u00e0 l\u2019aide de caract\u00e9ristiques dont les unes sont objectivables par des donn\u00e9es sociologiques (caract\u00e9ristiques externes) et les autres doivent \u00eatre \u00e9valu\u00e9es par des enqu\u00eates sur place (caract\u00e9ristiques internes \u00e0 chaque exp\u00e9rience de pr\u00e9vention, moyens en personnel, type d\u2019activit\u00e9, moyens pour les r\u00e9aliser).&nbsp;\u00bb<a href=\"#_ftn1\" name=\"_ftnref1\"><sup>[1]<\/sup><\/a> En ce sens, PR\u00c9VenIR s\u2019engage dans un travail de proximit\u00e9 avec les \u00e9lus des territoires d\u2019intervention, afin de contribuer \u00e0 une lecture plus juste des besoins exprim\u00e9s par les personnes en contacts ou accompagn\u00e9es tout en respectant notre rattachement aux missions de l\u2019aide sociale \u00e0 l\u2019enfance, qui nous lient aux dispositions du code de l\u2019action sociale et des familles, relatives au secret professionnel.<\/p>\n<p style=\"text-align: justify;\">Afin de garantir la mise en \u0153uvre de nos missions et la solidit\u00e9 du lien de confiance qui peut s\u2019\u00e9tablir avec le public accompagn\u00e9, les \u00e9quipes \u00e9ducatives s\u2019appuient sur les principes m\u00e9thodologiques intangibles qui fondent la sp\u00e9cificit\u00e9 de la pr\u00e9vention sp\u00e9cialis\u00e9e.<\/p>\n<ul>\n<li style=\"text-align: justify;\">L\u2019absence de mandat nominatif et l\u2019un de ces principes fondamentaux dont d\u00e9coulent les autres. Il exprime la n\u00e9cessit\u00e9 de n\u2019\u00eatre mandat\u00e9 par aucune d\u00e9cision de prise en charge \u00e9manant d\u2019une autorit\u00e9 administrative ou judiciaire. Ce principe implique de recueillir l\u2019adh\u00e9sion de la personne avant d\u2019envisager de travailler ensemble.<\/li>\n<li style=\"text-align: justify;\">La libre adh\u00e9sion du public, une relation librement choisie. Chacun est libre d\u2019adh\u00e9rer, d\u2019ignorer ou de refuser la relation \u00e9ducative propos\u00e9e par l\u2019\u00e9ducateur. Ce principe exprime la d\u00e9marche \u00ab&nbsp;d\u2019aller vers&nbsp;\u00bb en respectant le temps n\u00e9cessaire \u00e0 l\u2019\u00e9tablissement d\u2019une relation.<\/li>\n<li style=\"text-align: justify;\">Le respect de l\u2019anonymat (une action qui exige discr\u00e9tion et confidentialit\u00e9) assure au public qu\u2019il n\u2019y a aucune repr\u00e9sentation personnalis\u00e9e, tel qu\u2019un dossier, \u00e0 leur \u00e9gard. Ce principe d\u00e9coule directement des deux autres&nbsp;: l\u2019usager ayant la ma\u00eetrise du maintien ou non de la relation, l\u2019anonymat lui offre une garantie suppl\u00e9mentaire.<\/li>\n<li style=\"text-align: justify;\">La non-institutionnalisation des pratiques, un n\u00e9cessaire maillage des institutions. La Pr\u00e9vention Sp\u00e9cialis\u00e9e peut \u00eatre amen\u00e9e \u00e0 cr\u00e9er des r\u00e9ponses inexistantes dans le quartier o\u00f9 elle exerce. Elle doit donc pouvoir s\u2019adapter aux \u00e9volutions des difficult\u00e9s d\u2019un quartier et par la m\u00eame \u00e9viter la fixit\u00e9 et la rigidit\u00e9 d\u2019un cadre institutionnel \u00e9tabli. Si l\u2019action se r\u00e9v\u00e8le pertinente et doit perdurer car il s\u2019av\u00e8re qu\u2019elle a r\u00e9pondu aux besoins pr\u00e9alablement constat\u00e9s, un passage de relais avec d\u2019autres institutions, d\u2019autres partenaires de quartier sera \u00e0 \u00e9tablir.<\/li>\n<li style=\"text-align: justify;\">Le travail en \u00e9quipe pluridisciplinaire et le partenariat. Ce principe s\u2019inscrit dans le cadre des missions de la Pr\u00e9vention Sp\u00e9cialis\u00e9e dans la mesure o\u00f9 il n\u2019est pas possible pour les \u00e9ducateurs d\u2019agir seuls. Ils se doivent de travailler en r\u00e9seau et en compl\u00e9mentarit\u00e9 avec d\u2019autres intervenants sociaux, d\u2019autres professionnels.<\/li>\n<\/ul>\n<p><a href=\"#_ftnref1\" name=\"_ftn1\">[1]<\/a> BO Arr\u00eat\u00e9 du 4 juillet 1972 relatif aux clubs et \u00e9quipes de pr\u00e9vention p.24<\/p>\n","protected":false},"excerpt":{"rendered":"<p>Dans le cadre de son habilitation par le D\u00e9partement de l\u2019Is\u00e8re, l\u2019Association PR\u00c9VenIR participe \u00e0 la pr\u00e9vention des d\u00e9crochages et ruptures vis-\u00e0-vis de la famille, de la scolarit\u00e9, de la vie professionnelle et affective qui caract\u00e9risent ces publics et multiplient&hellip;&nbsp;<a href=\"https:\/\/prev-ir.fr\/?page_id=48\" class=\"more-link\">Lire la suite<\/a><\/p>\n","protected":false},"author":2,"featured_media":0,"parent":5,"menu_order":17,"comment_status":"closed","ping_status":"open","template":"","meta":{"ngg_post_thumbnail":0,"footnotes":""},"class_list":["post-48","page","type-page","status-publish","hentry"],"jetpack_shortlink":"https:\/\/wp.me\/P5BzG1-M","jetpack_sharing_enabled":true,"_links":{"self":[{"href":"https:\/\/prev-ir.fr\/index.php?rest_route=\/wp\/v2\/pages\/48","targetHints":{"allow":["GET"]}}],"collection":[{"href":"https:\/\/prev-ir.fr\/index.php?rest_route=\/wp\/v2\/pages"}],"about":[{"href":"https:\/\/prev-ir.fr\/index.php?rest_route=\/wp\/v2\/types\/page"}],"author":[{"embeddable":true,"href":"https:\/\/prev-ir.fr\/index.php?rest_route=\/wp\/v2\/users\/2"}],"replies":[{"embeddable":true,"href":"https:\/\/prev-ir.fr\/index.php?rest_route=%2Fwp%2Fv2%2Fcomments&post=48"}],"version-history":[{"count":4,"href":"https:\/\/prev-ir.fr\/index.php?rest_route=\/wp\/v2\/pages\/48\/revisions"}],"predecessor-version":[{"id":2177,"href":"https:\/\/prev-ir.fr\/index.php?rest_route=\/wp\/v2\/pages\/48\/revisions\/2177"}],"up":[{"embeddable":true,"href":"https:\/\/prev-ir.fr\/index.php?rest_route=\/wp\/v2\/pages\/5"}],"wp:attachment":[{"href":"https:\/\/prev-ir.fr\/index.php?rest_route=%2Fwp%2Fv2%2Fmedia&parent=48"}],"curies":[{"name":"wp","href":"https:\/\/api.w.org\/{rel}","templated":true}]}}