{"id":5,"date":"2014-12-08T20:05:50","date_gmt":"2014-12-08T19:05:50","guid":{"rendered":"http:\/\/prev-ir.fr\/?page_id=5"},"modified":"2020-12-07T11:49:33","modified_gmt":"2020-12-07T10:49:33","slug":"lassociation","status":"publish","type":"page","link":"https:\/\/prev-ir.fr\/?page_id=5","title":{"rendered":"L&rsquo;association"},"content":{"rendered":"\n<p class=\"p1\"><em><span class=\"s3\"><b><br><\/b><\/span><\/em><\/p>\n\n\n\n<p class=\"has-text-align-center has-luminous-vivid-amber-color has-text-color\"><span style=\"font-size: 14pt;\"><strong>PR\u00c9VENTION EN IS\u00c8RE RHODANIENNE<\/strong><span class=\"s1\"><b><span class=\"tadv-color\" style=\"color: #3b5791;\"><strong><br><\/strong><\/span><\/b><span class=\"tadv-color\" style=\"color: #5789c7; font-size: 18pt;\"><b>Un projet pour penser et dire,<\/b><\/span><\/span><span style=\"color: #5789c7; font-size: 18pt;\"><b> <\/b><span class=\"s3\"><span class=\"tadv-color\"><b>inventer et agir ensemble<\/b><\/span><\/span><\/span><\/span><br><br><\/p>\n\n\n\n<p class=\"has-text-color has-very-dark-gray-color p3 has-background has-small-font-size\" style=\"background-color:#dce9f9\"><span class=\"s6\"><span style=\"color: #333399;\"><b><span class=\"tadv-color\" style=\"color: #5789c7;\">UNE ASSOCIATION<\/span><\/b><\/span><br><span style=\"color: #808080;\">\u00c0 but non lucratif relevant de la loi de 1901, la\u00efque et r\u00e9publicaine, excluant toute ing\u00e9rence du fait religieux ou partisan.<\/span><br><span style=\"color: #808080;\">Rassemble des \u00e9nergies, des comp\u00e9tences, des convictions d&rsquo;administrateurs et de professionnels qui s&rsquo;engagent dans un projet commun.<\/span><\/span><\/p>\n\n\n\n<p class=\"p3 has-background has-small-font-size\" style=\"background-color:#dce9f9\"><span class=\"s6\" style=\"color: #333399;\"><b><span style=\"color:#5789c7\" class=\"tadv-color\">UN PUBLIC<\/span><\/b><\/span><span class=\"s7\"><br>S&rsquo;adresse \u00e0 un public d&rsquo;enfants, d&rsquo;adolescents, de jeunes adultes et leur famille en situation difficile.<\/span><\/p>\n\n\n\n<p class=\"p5 has-background has-small-font-size\" style=\"background-color:#dce9f9\"><span class=\"s3\"><b><span class=\"tadv-color\" style=\"color: #5789c7;\">UNE MISSION<\/span><br><\/b>D\u00e9tient une mission d\u00e9partementale de pr\u00e9vention sp\u00e9cialis\u00e9e.<br>S\u2019inscrit dans le champ de l\u2019Aide Sociale \u00e0 l\u2019Enfance[1].<b><br><\/b>Est signataire de la Charte d\u00e9partementale de la pr\u00e9vention sp\u00e9cialis\u00e9e et de l\u2019animation de pr\u00e9vention[2] qui affirme sa place de partenaire dans les politiques d\u2019action sociale et de pr\u00e9vention jeunesse du d\u00e9partement de l\u2019Is\u00e8re.<br><\/span><span style=\"font-size: 10pt;\"><em>1] Code de l\u2019Action Sociale et des Familles modifi\u00e9 par la loi n\u00b0 2007-293 du 5\/03\/2007 r\u00e9formant la Protection de l\u2019Enfance.<br>[2] Charte de la pr\u00e9vention sp\u00e9cialis\u00e9e et de l\u2019animation de pr\u00e9vention en Is\u00e8re \u2013 2014.<\/em><\/span><\/p>\n\n\n\n<p class=\"p6 has-background has-small-font-size\" style=\"background-color:#dce9f9\"><span class=\"s3\"><b><span class=\"tadv-color\" style=\"color: #5789c7;\">DES INITIATIVES<\/span><br><\/b>A un devoir de protection de l\u2019enfance et d\u00e9veloppe ses activit\u00e9s dans le cadre de la loi 2002-2[3].<br>Est en capacit\u00e9 de d\u00e9velopper des actions innovantes, nouvelles en fonction des besoins des jeunes et de leur famille rep\u00e9r\u00e9s par les professionnels.<br><span style=\"font-size: 10pt;\"><i>[3]<\/i><i> Loi n\u00b02002-2 du 2\/01\/202 r\u00e9novant l\u2019action sociale et m\u00e9dico-sociale.<\/i><\/span><\/span><\/p>\n\n\n\n<p class=\"p6 has-background has-small-font-size\" style=\"background-color:#dce9f9\"><span class=\"s3\"><b><span style=\"color:#5789c7\" class=\"tadv-color\">UNE \u00c9THIQUE<\/span><br><\/b>Am\u00e8ne chaque personne \u00e0 l&rsquo;affirmation de ses d\u00e9sirs, lui permet de d\u00e9velopper son pouvoir d&rsquo;agir pour se projeter dans l&rsquo;avenir et atteindre ses buts.<br>Veille au respect de la personne, de sa dignit\u00e9, de sa vie priv\u00e9e et \u00e0 la confidentialit\u00e9 des informations la concernant.<br>Contribue \u00e0 une d\u00e9marche de solidarit\u00e9 et participe \u00e0 la lutte contre les in\u00e9galit\u00e9s sociales.<\/span><\/p>\n\n\n\n<p class=\"p6 has-very-light-gray-background-color has-background has-small-font-size\"><span class=\"s3\"><b><span class=\"tadv-color\" style=\"color: #3b5791;\"><strong>\u00c9DUQUER<br><\/strong><\/span><\/b><span class=\"tadv-color\" style=\"color: #333333;\">Permettre \u00e0 chacun d&rsquo;acc\u00e9der \u00e0 son autonomie, de prendre sa place dans la soci\u00e9t\u00e9 dans le respect de sa singularit\u00e9 et de sa dignit\u00e9.<\/span><\/span><\/p>\n\n\n\n<p class=\"p6 has-very-light-gray-background-color has-background has-small-font-size\"><span class=\"s3\"><b><span style=\"color:#3b5791\" class=\"tadv-color\">PROMOUVOIR<\/span><br><\/b>Percevoir, rep\u00e9rer, d\u00e9voiler le meilleur des ressources individuelles et collectives pour progresser vers un mieux vivre.<\/span><\/p>\n\n\n\n<p class=\"p6 has-very-light-gray-background-color has-background has-small-font-size\"><span class=\"s3\"><b><span style=\"color: #3b5791;\">PR\u00c9VENIR<\/span><br><\/b><\/span><span style=\"font-size: inherit;\">Veiller, \u00e9couter, identifier les difficult\u00e9s, mettre en mots, \u00e9noncer les dangers per\u00e7us, donner des \u00e9l\u00e9ments pour \u00e9clairer des choix responsables et encourager la r\u00e9flexion.<br><\/span><span class=\"s3\">Donner confiance plut\u00f4t que d&rsquo;interdire de faire.<br>Accompagner vers une prise de conscience et apporter un soutien.<br>\u00c9viter autant que faire se peut les passages \u00e0 l&rsquo;acte ou les situations de violence en ouvrant la parole.<\/span><\/p>\n\n\n\n<p class=\"p6 has-very-light-gray-background-color has-background has-small-font-size\"><span class=\"s3\"><b><span style=\"color: #3b5791;\">PROT\u00c9GER<\/span><br><\/b><\/span><span class=\"s3\">\u00catre disponible pour cheminer en toute confiance avec l&rsquo;autre, et l&rsquo;accompagner pas \u00e0 pas.<br>Proposer un cadre qui permet de s&rsquo;approprier des rep\u00e8res pour \u00e9viter les conduites de mise en danger.<br>Recourir \u00e0 la loi si n\u00e9cessaire. chaque fois que la situation l\u00a0\u00bbimpose.<br>Oser prendre des risques en toute connaissance de cause.<br>Alerter chaque fois que des besoins fondamentaux ne sont pas pris en compte.<br>Agir chaque fois que les droits fondamentaux ne sont pas accessibles.<\/span><\/p>\n\n\n\n<p class=\"p6 has-background has-small-font-size\" style=\"background-color:#fff4bd\"><span class=\"s3\"><b>Faire association<br><\/b><\/span><span class=\"s3\">Am\u00e9nager des espaces d&rsquo;\u00e9changes, de d\u00e9bat, de r\u00e9flexion entre les \u00e9lus associatifs, les salari\u00e9s, les usagers et les \u00e9lus territoriaux de l&rsquo;association.<\/span><\/p>\n\n\n\n<p class=\"p6 has-background has-small-font-size\" style=\"background-color:#fff4bd\"><span class=\"s3\"><b>\u00catre dans une attitude permanente d\u2019attention, d\u2019\u00e9coute et de veille<br><\/b><\/span><span class=\"s3\">Inscrire la relation dans la dur\u00e9e, le respect et la bienveillance pour tous les jeunes et leur famille.<\/span><span class=\"s7\"><br><\/span><span class=\"s3\">Permettre aux salari\u00e9s de b\u00e9n\u00e9ficier de conditions de travail favorisant la mise en oeuvre des missions li\u00e9es \u00e0 leur m\u00e9tier.<\/span><span class=\"s7\"><br><\/span><span class=\"s3\">Analyser les \u00e9volutions de la soci\u00e9t\u00e9, les partager pour concourir \u00e0 l&rsquo;adaptation des politiques publiques.<\/span><\/p>\n\n\n\n<p class=\"p6 has-background has-small-font-size\" style=\"background-color:#fff4bd\"><span class=\"s3\"><b>\u00catre acteur et porteur de propositions<br><\/b><\/span><span class=\"s3\">R\u00e9pondre par des actions adapt\u00e9es en fonction des difficult\u00e9s des jeunes et des familles.<\/span><span class=\"s7\"><br><\/span><span class=\"s3\">R\u00e9agir \u00e0 partir de son expertise des espaces de vie et de la connaissance qu\u2019elle a des situations des personnes,<\/span><span class=\"s7\"><br><\/span><span class=\"s3\">Etre \u00e0 l&rsquo;origine et soutenir des initiatives en lien avec les acteurs locaux.<\/span><span class=\"s7\"><br><\/span><span class=\"s3\">Participer aux diff\u00e9rentes instances partenariales (locales et nationales).<\/span><span class=\"s7\"><br><\/span><span class=\"s3\">Argumenter sur les besoins humains et financiers n\u00e9cessaires \u00e0 l&rsquo;accomplissement des actions en cours ou futures.<\/span><span class=\"s7\"><br><\/span><span class=\"s3\">Rendre compte de l\u2019utilisation des moyens mis \u00e0 sa disposition<\/span><span class=\"s7\">.<\/span><\/p>\n\n\n\n<p class=\"p6 has-background has-small-font-size\" style=\"background-color:#fff4bd\"><span class=\"s3\"><b>\u00c9valuer les actions mises en oeuvre<br><\/b><\/span><span class=\"s3\">Poursuivre une d\u00e9marche d\u2019\u00e9valuation en continu pour permettre l\u2019adaptation n\u00e9cessaire de ses actions.<\/span><span class=\"s7\"><br><\/span><span class=\"s3\">Faire ressortir la valeur de chacune des actions, les donner \u00e0 lire, \u00e0 entendre, \u00e0 voir.<\/span><\/p>\n","protected":false},"excerpt":{"rendered":"<p>PR\u00c9VENTION EN IS\u00c8RE RHODANIENNEUn projet pour penser et dire, inventer et agir ensemble UNE ASSOCIATION\u00c0 but non lucratif relevant de la loi de 1901, la\u00efque et r\u00e9publicaine, excluant toute ing\u00e9rence du fait religieux ou partisan.Rassemble des \u00e9nergies, des comp\u00e9tences, des&hellip;&nbsp;<a href=\"https:\/\/prev-ir.fr\/?page_id=5\" class=\"more-link\">Lire la suite<\/a><\/p>\n","protected":false},"author":2,"featured_media":0,"parent":0,"menu_order":15,"comment_status":"closed","ping_status":"closed","template":"","meta":{"ngg_post_thumbnail":0,"footnotes":""},"class_list":["post-5","page","type-page","status-publish","hentry"],"jetpack_shortlink":"https:\/\/wp.me\/P5BzG1-5","jetpack_sharing_enabled":true,"_links":{"self":[{"href":"https:\/\/prev-ir.fr\/index.php?rest_route=\/wp\/v2\/pages\/5","targetHints":{"allow":["GET"]}}],"collection":[{"href":"https:\/\/prev-ir.fr\/index.php?rest_route=\/wp\/v2\/pages"}],"about":[{"href":"https:\/\/prev-ir.fr\/index.php?rest_route=\/wp\/v2\/types\/page"}],"author":[{"embeddable":true,"href":"https:\/\/prev-ir.fr\/index.php?rest_route=\/wp\/v2\/users\/2"}],"replies":[{"embeddable":true,"href":"https:\/\/prev-ir.fr\/index.php?rest_route=%2Fwp%2Fv2%2Fcomments&post=5"}],"version-history":[{"count":86,"href":"https:\/\/prev-ir.fr\/index.php?rest_route=\/wp\/v2\/pages\/5\/revisions"}],"predecessor-version":[{"id":1859,"href":"https:\/\/prev-ir.fr\/index.php?rest_route=\/wp\/v2\/pages\/5\/revisions\/1859"}],"wp:attachment":[{"href":"https:\/\/prev-ir.fr\/index.php?rest_route=%2Fwp%2Fv2%2Fmedia&parent=5"}],"curies":[{"name":"wp","href":"https:\/\/api.w.org\/{rel}","templated":true}]}}