{"id":52,"date":"2015-01-08T11:23:19","date_gmt":"2015-01-08T10:23:19","guid":{"rendered":"http:\/\/prev-ir.fr\/?page_id=52"},"modified":"2024-12-24T14:46:25","modified_gmt":"2024-12-24T13:46:25","slug":"les-status-et-membres-du-ca","status":"publish","type":"page","link":"https:\/\/prev-ir.fr\/?page_id=52","title":{"rendered":"Statuts et membres du CA"},"content":{"rendered":"\n<div class=\"wp-block-columns is-layout-flex wp-container-core-columns-is-layout-9d6595d7 wp-block-columns-is-layout-flex\">\n<div class=\"wp-block-column is-layout-flow wp-block-column-is-layout-flow\"><\/div>\n\n\n\n<div class=\"wp-block-column is-layout-flow wp-block-column-is-layout-flow\"><\/div>\n<\/div>\n\n\n\n<p class=\"has-text-align-left has-text-color has-background has-medium-font-size\" style=\"color:#3b5791;background-color:#efc409\"><a href=\"https:\/\/prev-ir.fr\/wp-content\/uploads\/2020\/07\/STATUTS-SIGNES_2018.pdf\" target=\"_blank\" rel=\"noreferrer noopener\"><strong>Les statuts de l&rsquo;association<\/strong>  <\/a> <\/p>\n\n\n\n<p class=\"has-text-align-center has-text-color\" style=\"font-size: 19px; color: #3b5791;\"><br><br><strong>Les membres du conseil d&rsquo;administration 2024<\/strong><br><span style=\"font-size: 10pt;\"><em>Assembl\u00e9e G\u00e9n\u00e9rale du 5 septembre 2024<\/em><\/span><\/p>\n\n\n\n<p class=\"has-text-align-center has-text-color\" style=\"color:#3b5791;font-size:18px\"><strong>Personnes Physiques<\/strong><\/p>\n\n\n\n<div class=\"wp-block-columns is-layout-flex wp-container-core-columns-is-layout-9d6595d7 wp-block-columns-is-layout-flex\">\n<div class=\"wp-block-column is-layout-flow wp-block-column-is-layout-flow\" style=\"flex-basis:33.33%\">\n<p class=\"has-text-align-right has-text-color\" style=\"color:#5789c7;font-size:14px\"><strong>Pr\u00e9sidente\u00a0<br>Vice-Pr\u00e9sident<br>Tr\u00e9sori\u00e8re<br>Tr\u00e9sorier adjointe<br>Secr\u00e9taire<br>Secr\u00e9taire adjointe<\/strong><\/p>\n<\/div>\n\n\n\n<div class=\"wp-block-column is-layout-flow wp-block-column-is-layout-flow\" style=\"flex-basis:66.66%\">\n<p class=\"has-text-align-left\" style=\"font-size:14px\">Mme BERTHOT Annie<br>M. ROBERTO\u00a0 Sansoro<br>Mme GARNIER Maryvonne<br>M. CONILH Bruno<br>Mme SCARPONI\u00a0Monique<br>Mme HARMANIA Sylvie<\/p>\n\n\n\n<p style=\"font-size:14px\">Mme JAMET V\u00e9ronique<br>M. SALAS Eric<br>Mme HARMANIA Sylvie<br>Mme RONZON Mireille <br>M. G\u00e9rard MATOURETM<br>Mme Sovanna DESMU CHHUM<\/p>\n\n\n\n<p style=\"font-size: 14px;\"><br><br><\/p>\n\n\n\n<p class=\"has-text-color\" style=\"color:#3b5791;font-size:18px\"><strong>Entre Bi\u00e8vre et Rh\u00f4ne<\/strong><\/p>\n\n\n\n<p style=\"font-size:14px\">Mr MONDANGE Andr\u00e9<br>Mme THUDEROZ Maria-Dolor\u00e8s<br>Mme&nbsp; GIRAUD Dominique<\/p>\n\n\n\n<p class=\"has-text-color\" style=\"color:#3b5791;font-size:18px\"><strong>Vienne Condrieu Agglom\u00e9ration<\/strong><\/p>\n\n\n\n<p style=\"font-size:14px\">Non nomm\u00e9<\/p>\n\n\n<\/div>\n<\/div>\n","protected":false},"excerpt":{"rendered":"<p>Les statuts de l&rsquo;association Les membres du conseil d&rsquo;administration 2024Assembl\u00e9e G\u00e9n\u00e9rale du 5 septembre 2024 Personnes Physiques Pr\u00e9sidente\u00a0Vice-Pr\u00e9sidentTr\u00e9sori\u00e8reTr\u00e9sorier adjointeSecr\u00e9taireSecr\u00e9taire adjointe Mme BERTHOT AnnieM. ROBERTO\u00a0 SansoroMme GARNIER MaryvonneM. CONILH BrunoMme SCARPONI\u00a0MoniqueMme HARMANIA Sylvie Mme JAMET V\u00e9roniqueM. SALAS EricMme HARMANIA SylvieMme RONZON&hellip;&nbsp;<a href=\"https:\/\/prev-ir.fr\/?page_id=52\" class=\"more-link\">Lire la suite<\/a><\/p>\n","protected":false},"author":2,"featured_media":0,"parent":5,"menu_order":18,"comment_status":"closed","ping_status":"open","template":"","meta":{"ngg_post_thumbnail":0,"footnotes":""},"class_list":["post-52","page","type-page","status-publish","hentry"],"jetpack_shortlink":"https:\/\/wp.me\/P5BzG1-Q","jetpack_sharing_enabled":true,"_links":{"self":[{"href":"https:\/\/prev-ir.fr\/index.php?rest_route=\/wp\/v2\/pages\/52","targetHints":{"allow":["GET"]}}],"collection":[{"href":"https:\/\/prev-ir.fr\/index.php?rest_route=\/wp\/v2\/pages"}],"about":[{"href":"https:\/\/prev-ir.fr\/index.php?rest_route=\/wp\/v2\/types\/page"}],"author":[{"embeddable":true,"href":"https:\/\/prev-ir.fr\/index.php?rest_route=\/wp\/v2\/users\/2"}],"replies":[{"embeddable":true,"href":"https:\/\/prev-ir.fr\/index.php?rest_route=%2Fwp%2Fv2%2Fcomments&post=52"}],"version-history":[{"count":46,"href":"https:\/\/prev-ir.fr\/index.php?rest_route=\/wp\/v2\/pages\/52\/revisions"}],"predecessor-version":[{"id":2437,"href":"https:\/\/prev-ir.fr\/index.php?rest_route=\/wp\/v2\/pages\/52\/revisions\/2437"}],"up":[{"embeddable":true,"href":"https:\/\/prev-ir.fr\/index.php?rest_route=\/wp\/v2\/pages\/5"}],"wp:attachment":[{"href":"https:\/\/prev-ir.fr\/index.php?rest_route=%2Fwp%2Fv2%2Fmedia&parent=52"}],"curies":[{"name":"wp","href":"https:\/\/api.w.org\/{rel}","templated":true}]}}