{"id":58,"date":"2015-01-08T11:24:44","date_gmt":"2015-01-08T10:24:44","guid":{"rendered":"http:\/\/prev-ir.fr\/?page_id=58"},"modified":"2023-07-27T10:40:59","modified_gmt":"2023-07-27T08:40:59","slug":"la-charte-de-la-prevention-specialisee-en-isere","status":"publish","type":"page","link":"https:\/\/prev-ir.fr\/?page_id=58","title":{"rendered":"La charte de la pr\u00e9vention sp\u00e9cialis\u00e9e en Is\u00e8re"},"content":{"rendered":"\n<div data-wp-interactive=\"core\/file\" class=\"wp-block-file\"><object data-wp-bind--hidden=\"!state.hasPdfPreview\" hidden class=\"wp-block-file__embed\" data=\"https:\/\/prev-ir.fr\/wp-content\/uploads\/2023\/07\/Charte-departementale-de-la-prevention-specialisee.pdf\" type=\"application\/pdf\" style=\"width:100%;height:600px\" aria-label=\"Contenu embarqu\u00e9 Charte D\u00e9partementale-de-la-Prevention-Specialisee.\"><\/object><a id=\"wp-block-file--media-93742bf7-8d1d-417c-bc47-81390319db13\" href=\"https:\/\/prev-ir.fr\/wp-content\/uploads\/2023\/07\/Charte-departementale-de-la-prevention-specialisee.pdf\">Charte D\u00e9partementale-de-la-Prevention-Specialisee<\/a><a href=\"https:\/\/prev-ir.fr\/wp-content\/uploads\/2023\/07\/Charte-departementale-de-la-prevention-specialisee.pdf\" class=\"wp-block-file__button wp-element-button\" download aria-describedby=\"wp-block-file--media-93742bf7-8d1d-417c-bc47-81390319db13\">T\u00e9l\u00e9charger<\/a><\/div>\n","protected":false},"excerpt":{"rendered":"","protected":false},"author":2,"featured_media":0,"parent":5,"menu_order":19,"comment_status":"closed","ping_status":"open","template":"","meta":{"ngg_post_thumbnail":0,"footnotes":""},"class_list":["post-58","page","type-page","status-publish","hentry"],"jetpack_shortlink":"https:\/\/wp.me\/P5BzG1-W","jetpack_sharing_enabled":true,"_links":{"self":[{"href":"https:\/\/prev-ir.fr\/index.php?rest_route=\/wp\/v2\/pages\/58","targetHints":{"allow":["GET"]}}],"collection":[{"href":"https:\/\/prev-ir.fr\/index.php?rest_route=\/wp\/v2\/pages"}],"about":[{"href":"https:\/\/prev-ir.fr\/index.php?rest_route=\/wp\/v2\/types\/page"}],"author":[{"embeddable":true,"href":"https:\/\/prev-ir.fr\/index.php?rest_route=\/wp\/v2\/users\/2"}],"replies":[{"embeddable":true,"href":"https:\/\/prev-ir.fr\/index.php?rest_route=%2Fwp%2Fv2%2Fcomments&post=58"}],"version-history":[{"count":2,"href":"https:\/\/prev-ir.fr\/index.php?rest_route=\/wp\/v2\/pages\/58\/revisions"}],"predecessor-version":[{"id":2188,"href":"https:\/\/prev-ir.fr\/index.php?rest_route=\/wp\/v2\/pages\/58\/revisions\/2188"}],"up":[{"embeddable":true,"href":"https:\/\/prev-ir.fr\/index.php?rest_route=\/wp\/v2\/pages\/5"}],"wp:attachment":[{"href":"https:\/\/prev-ir.fr\/index.php?rest_route=%2Fwp%2Fv2%2Fmedia&parent=58"}],"curies":[{"name":"wp","href":"https:\/\/api.w.org\/{rel}","templated":true}]}}